{"id":81,"date":"2025-09-18T15:20:17","date_gmt":"2025-09-18T15:20:17","guid":{"rendered":"https:\/\/brotochiado.pt\/?page_id=81"},"modified":"2026-04-28T11:02:05","modified_gmt":"2026-04-28T11:02:05","slug":"menu","status":"publish","type":"page","link":"https:\/\/brotochiado.pt\/en\/menu\/","title":{"rendered":"Menu"},"content":{"rendered":"<div id=\"fws_69f0b10f21845\"  data-column-margin=\"default\" data-midnight=\"dark\" data-top-percent=\"12%\" data-bottom-percent=\"5%\"  class=\"wpb_row vc_row-fluid vc_row  top_padding_phone_20pct\"  style=\"padding-top: calc(100vw * 0.12); padding-bottom: calc(100vw * 0.05); \"><div class=\"row-bg-wrap\" data-bg-animation=\"none\" data-bg-animation-delay=\"\" data-bg-overlay=\"false\"><div class=\"inner-wrap row-bg-layer\" ><div class=\"row-bg viewport-desktop\"  style=\"\"><\/div><\/div><\/div><div class=\"row_col_wrap_12 col span_12 dark left\">\n\t<div  class=\"vc_col-sm-12 wpb_column column_container vc_column_container col no-extra-padding inherit_tablet padding-2-percent_phone\"  data-padding-pos=\"left-right\" data-has-bg-color=\"false\" data-bg-color=\"\" data-bg-opacity=\"1\" data-animation=\"\" data-delay=\"0\" >\n\t\t<div class=\"vc_column-inner\" >\n\t\t\t<div class=\"wpb_wrapper\">\n\t\t\t\t<div class=\"nectar-scrolling-tabs  sidebarMenu\" data-m-display=\"visible\" data-nav-tag=\"h4\" data-tab-spacing=\"0%\" data-navigation-width=\"regular\" data-color-scheme=\"accent-color\"><div class=\"scrolling-tab-nav\"><div class=\"line\"><\/div><ul class=\"wpb_tabs_nav ui-tabs-nav\" data-spacing=\"45px\"><li class=\"menu-item active-tab\"><div class=\"menu-content\"><h4 class=\"tab-nav-heading nectar-bg-pseudo-accent-color\"><a class=\"skip-hash\" href=\"#tab_69f0b10f21fcf\"><span>Bread<\/span><\/a><\/h4><\/div><\/li><li class=\"menu-item\"><div class=\"menu-content\"><h4 class=\"tab-nav-heading nectar-bg-pseudo-accent-color\"><a class=\"skip-hash\" href=\"#tab_69f0b10f21fd3\"><span>Charcuterie<\/span><\/a><\/h4><\/div><\/li><li class=\"menu-item\"><div class=\"menu-content\"><h4 class=\"tab-nav-heading nectar-bg-pseudo-accent-color\"><a class=\"skip-hash\" href=\"#tab_69f0b10f21fd5\"><span>Starters<\/span><\/a><\/h4><\/div><\/li><li class=\"menu-item\"><div class=\"menu-content\"><h4 class=\"tab-nav-heading nectar-bg-pseudo-accent-color\"><a class=\"skip-hash\" href=\"#tab_69f0b10f21fd6\"><span>SMALLER<\/span><\/a><\/h4><\/div><\/li><li class=\"menu-item\"><div class=\"menu-content\"><h4 class=\"tab-nav-heading nectar-bg-pseudo-accent-color\"><a class=\"skip-hash\" href=\"#tab_69f0b10f21fd7\"><span>LARGER<\/span><\/a><\/h4><\/div><\/li><li class=\"menu-item\"><div class=\"menu-content\"><h4 class=\"tab-nav-heading nectar-bg-pseudo-accent-color\"><a class=\"skip-hash\" href=\"#tab_69f0b10f21fd8\"><span>To Share<\/span><\/a><\/h4><\/div><\/li><li class=\"menu-item\"><div class=\"menu-content\"><h4 class=\"tab-nav-heading nectar-bg-pseudo-accent-color\"><a class=\"skip-hash\" href=\"#tab_69f0b10f21fda\"><span>SIDES<\/span><\/a><\/h4><\/div><\/li><li class=\"menu-item\"><div class=\"menu-content\"><h4 class=\"tab-nav-heading nectar-bg-pseudo-accent-color\"><a class=\"skip-hash\" href=\"#tab_69f0b10f21fdb\"><span>Desserts<\/span><\/a><\/h4><\/div><\/li><\/ul><\/div><div class=\"scrolling-tab-content\">\n\t\t\t<div id=\"tab-pao\" data-tab-icon=\"\" class=\"wpb_tab ui-tabs-panel wpb_ui-tabs-hide clearfix\">\n\t\t\t\t\n<div class=\"wpb_text_column wpb_content_element  borderText\" >\n\t<div class=\"wpb_wrapper\">\n\t\t<h4>Bread<\/h4>\n\t<\/div>\n<\/div>\n\n\n\n\n<div class=\"wpb_text_column wpb_content_element\" >\n\t<div class=\"wpb_wrapper\">\n\t\t<p>Malt bread and local wheats, green olive oil, Azores butter<span style=\"font-size: 10pt;\"> 4,5pp<\/span><\/p>\n\t<\/div>\n<\/div>\n\n\n\n\n\t\t\t<\/div> \n\t\t\t<div id=\"tab-charcutaria\" data-tab-icon=\"\" class=\"wpb_tab ui-tabs-panel wpb_ui-tabs-hide clearfix\">\n\t\t\t\t\n<div class=\"wpb_text_column wpb_content_element  borderText\" >\n\t<div class=\"wpb_wrapper\">\n\t\t<h4>Charcuterie<\/h4>\n\t<\/div>\n<\/div>\n\n\n\n\n<div class=\"wpb_text_column wpb_content_element\" >\n\t<div class=\"wpb_wrapper\">\n\t\t<p>Laborela cured meats selection, 100% acorn-fed (100g)<span style=\"font-size: 10pt;\"> 15<\/span><\/p>\n<p>Salsicha de Porco Alentejano Broto, mela\u00e7o de ma\u00e7\u00e3, molho de carne<span style=\"font-size: 10pt;\"> 12<\/span><\/p>\n<p><span class=\"a_GcMg font-feature-liga-off font-feature-clig-off font-feature-calt-off text-decoration-none text-strikethrough-none\">Cheese platter (local suppliers), fruit compote, cereal toasts<span style=\"font-size: 10pt;\"> 15<\/span><\/span><\/p>\n\t<\/div>\n<\/div>\n\n\n\n\n\t\t\t<\/div> \n\t\t\t<div id=\"tab-a-mao\" data-tab-icon=\"\" class=\"wpb_tab ui-tabs-panel wpb_ui-tabs-hide clearfix\">\n\t\t\t\t\n<div class=\"wpb_text_column wpb_content_element  borderText\" >\n\t<div class=\"wpb_wrapper\">\n\t\t<h4>Bites (2 pcs)<\/h4>\n\t<\/div>\n<\/div>\n\n\n\n\n<div class=\"wpb_text_column wpb_content_element\" >\n\t<div class=\"wpb_wrapper\">\n\t\t<p>Tarte de beterraba, requeij\u00e3o fumado, avel\u00e3, alho frito<span style=\"font-size: 10pt;\">\u00a09<\/span><\/p>\n<p>Barriga de atum rabilho, bouquet de folhas do Quintal Urbano, tempura de algas, lima caviar<span style=\"font-size: 10pt;\">\u00a014<\/span><\/p>\n<p>Mussel coscor\u00e3o, green pil-pil, bell pepper escabeche<span style=\"font-size: 10pt;\"> 11<\/span><\/p>\n<p>Patanisca de lula, pickle de couve, papada de porco Alentejano<span style=\"font-size: 10pt;\"> 12<\/span><\/p>\n<p>Suckling pig croquettes, smoked homey mustard<span style=\"font-size: 10pt;\"> 11<\/span><\/p>\n\t<\/div>\n<\/div>\n\n\n\n\n\t\t\t<\/div> \n\t\t\t<div id=\"tab-menores\" data-tab-icon=\"\" class=\"wpb_tab ui-tabs-panel wpb_ui-tabs-hide clearfix\">\n\t\t\t\t\n<div class=\"wpb_text_column wpb_content_element  borderText\" >\n\t<div class=\"wpb_wrapper\">\n\t\t<h4>SMALLER<\/h4>\n\t<\/div>\n<\/div>\n\n\n\n\n<div class=\"wpb_text_column wpb_content_element\" >\n\t<div class=\"wpb_wrapper\">\n\t\t<p>Lula, avel\u00e3, manteiga de algas, \u00f3leo de bergamota, caviar Oscietra<span style=\"font-size: 10pt;\"> 28<\/span><\/p>\n<p><span class=\"a_GcMg font-feature-liga-off font-feature-clig-off font-feature-calt-off text-decoration-none text-strikethrough-none\">Pleurotus, gema curada<\/span>, pele de frango crocante, fricass\u00e9<span style=\"font-size: 10pt;\"> 14<\/span><\/p>\n<p>Codfish, Ratte potato, carrot escabeche, black garlic<span style=\"font-size: 10pt;\"> 16<\/span><\/p>\n<p>Peixe curado, pur\u00e9 de br\u00f3colos grelhados, vinagrete de citrinos<span style=\"font-size: 10pt;\"> 16<\/span><\/p>\n<p>Picadinho de maturada, cebolinha, molho de pasto, alcaparras fritas<span style=\"font-size: 10pt;\">\u00a023<\/span><\/p>\n<p>Molhenga de tomate, ovo de galinha Pedr\u00eas da Quinta da Abelheira, paiola, mizunas<span style=\"font-size: 10pt;\"> 12<\/span><\/p>\n\t<\/div>\n<\/div>\n\n\n\n\n\t\t\t<\/div> \n\t\t\t<div id=\"tab-maiores\" data-tab-icon=\"\" class=\"wpb_tab ui-tabs-panel wpb_ui-tabs-hide clearfix\">\n\t\t\t\t\n<div class=\"wpb_text_column wpb_content_element  borderText\" >\n\t<div class=\"wpb_wrapper\">\n\t\t<h4>LARGER<\/h4>\n\t<\/div>\n<\/div>\n\n\n\n\n<div class=\"wpb_text_column wpb_content_element\" >\n\t<div class=\"wpb_wrapper\">\n\t\t<p>Ra\u00edzes de temporada, cevadinha com especiarias, jus vegetal<span style=\"font-size: 10pt;\"> 17<\/span><\/p>\n<p>Atlantic Croacker fish, sourdough bread a\u00e7orda, halophytes, pennyroyal sauce<span style=\"font-size: 10pt;\"> 26<\/span><\/p>\n<p>Porco Alentejano Laborela, berbig\u00e3o Galego, couve-flor, pimento fermentado<span style=\"font-size: 10pt;\"> 26<\/span><\/p>\n<p>Borrego \u00e0 colher, cuscuz BROTO, folhas de inverno, hortel\u00e3<span style=\"font-size: 10pt;\"> 25<\/span><\/p>\n\t<\/div>\n<\/div>\n\n\n\n\n\t\t\t<\/div> \n\t\t\t<div id=\"tab-para-partilhar\" data-tab-icon=\"\" class=\"wpb_tab ui-tabs-panel wpb_ui-tabs-hide clearfix\">\n\t\t\t\t\n<div class=\"wpb_text_column wpb_content_element  borderText\" >\n\t<div class=\"wpb_wrapper\">\n\t\t<h4>To Share (2 to 3)<\/h4>\n\t<\/div>\n<\/div>\n\n\n\n\n<div class=\"wpb_text_column wpb_content_element\" >\n\t<div class=\"wpb_wrapper\">\n\t\t<p>Arroz de tamboril malandrinho, selec\u00e7\u00e3o de marisco do dia<span style=\"font-size: 10pt;\"> 65<\/span><\/p>\n<p>Vaca de Pasto, maturada, grelhada com molho \u00e0 Marrare (350gr)<span style=\"font-size: 10pt;\">\u00a054<\/span><\/p>\n\t<\/div>\n<\/div>\n\n\n\n\n\t\t\t<\/div> \n\t\t\t<div id=\"tab-acompanhamentos\" data-tab-icon=\"\" class=\"wpb_tab ui-tabs-panel wpb_ui-tabs-hide clearfix\">\n\t\t\t\t\n<div class=\"wpb_text_column wpb_content_element  borderText\" >\n\t<div class=\"wpb_wrapper\">\n\t\t<h4>Acompanhamentos e Extras<\/h4>\n\t<\/div>\n<\/div>\n\n\n\n\n<div class=\"wpb_text_column wpb_content_element\" >\n\t<div class=\"wpb_wrapper\">\n\t\t<p>Verdes de inverno na brasa, kimchi BROTO, am\u00eandoa tostada<span style=\"font-size: 10pt;\"> 7.5<\/span><\/p>\n<p>Batata a murro frita, piso de ervas, emuls\u00e3o de alho verde<span style=\"font-size: 10pt;\"> 7.5<\/span><\/p>\n\t<\/div>\n<\/div>\n\n\n\n\n\t\t\t<\/div> \n\t\t\t<div id=\"tab-sobremesas\" data-tab-icon=\"\" class=\"wpb_tab ui-tabs-panel wpb_ui-tabs-hide clearfix\">\n\t\t\t\t\n<div class=\"wpb_text_column wpb_content_element  borderText\" >\n\t<div class=\"wpb_wrapper\">\n\t\t<h4>Desserts<\/h4>\n\t<\/div>\n<\/div>\n\n\n\n\n<div class=\"wpb_text_column wpb_content_element\" >\n\t<div class=\"wpb_wrapper\">\n\t\t<p>Farturas and leite-creme with lemon thyme<span style=\"font-size: 10pt;\"> 12<\/span><\/p>\n<p><span class=\"a_GcMg font-feature-liga-off font-feature-clig-off font-feature-calt-off text-decoration-none text-strikethrough-none\">Ginja massa folhada, gelado de queijo de cabra, azeite verde <span style=\"font-size: 10pt;\">11<\/span><\/span><\/p>\n<p>Tarte de<span class=\"a_GcMg font-feature-liga-off font-feature-clig-off font-feature-calt-off text-decoration-none text-strikethrough-none\">\u00a0noz pecan, ch\u00e1 preto e bergamota<\/span>\u00a0<span style=\"font-size: 10pt;\">\u00a012<\/span><\/p>\n\t<\/div>\n<\/div>\n\n\n\n<div class=\"divider-wrap\" data-alignment=\"default\"><div style=\"height: 50px;\" class=\"divider\"><\/div><\/div>\n<div class=\"wpb_text_column wpb_content_element\" >\n\t<div class=\"wpb_wrapper\">\n\t\t<p style=\"font-size: 9pt; line-height: 16px;\">All prices are in euros and include VAT (at the applicable legal rate)<\/p>\n<p style=\"font-size: 9pt; line-height: 16px;\">Our menu is subject to change due to seasonality and availability of some products<\/p>\n\t<\/div>\n<\/div>\n\n\n\n\n\t\t\t<\/div> <\/div><\/div>\n\t\t\t<\/div> \n\t\t<\/div>\n\t<\/div> \n<\/div><\/div>","protected":false},"excerpt":{"rendered":"P\u00e3oCharcutaria\u00c0 m\u00e3oMenoresMaioresPara PartilharAcompanhamentosSobremesas P\u00e3o P\u00e3o de de malte e trigos nacionais, azeite verde, manteiga dos A\u00e7ores 4,5pp Charcutaria Carnes curadas, selec\u00e7\u00e3o Laborela 100% bolota (100gr) 15 Salsicha de Porco Alentejano...","protected":false},"author":1,"featured_media":0,"parent":0,"menu_order":0,"comment_status":"closed","ping_status":"closed","template":"","meta":{"inline_featured_image":false,"footnotes":""},"class_list":["post-81","page","type-page","status-publish"],"yoast_head":"<!-- This site is optimized with the Yoast SEO plugin v26.0 - https:\/\/yoast.com\/wordpress\/plugins\/seo\/ -->\n<title>Menu &#8226; Broto<\/title>\n<meta name=\"robots\" content=\"index, follow, max-snippet:-1, max-image-preview:large, max-video-preview:-1\" \/>\n<link rel=\"canonical\" href=\"https:\/\/brotochiado.pt\/en\/menu\/\" \/>\n<meta property=\"og:locale\" content=\"en_US\" \/>\n<meta property=\"og:type\" content=\"article\" \/>\n<meta property=\"og:title\" content=\"Menu &#8226; Broto\" \/>\n<meta property=\"og:url\" content=\"https:\/\/brotochiado.pt\/en\/menu\/\" \/>\n<meta property=\"og:site_name\" content=\"Broto\" \/>\n<meta property=\"article:modified_time\" content=\"2026-04-28T11:02:05+00:00\" \/>\n<meta name=\"twitter:card\" content=\"summary_large_image\" \/>\n<meta name=\"twitter:label1\" content=\"Est. reading time\" \/>\n\t<meta name=\"twitter:data1\" content=\"2 minutes\" \/>\n<script type=\"application\/ld+json\" class=\"yoast-schema-graph\">{\"@context\":\"https:\/\/schema.org\",\"@graph\":[{\"@type\":\"WebPage\",\"@id\":\"https:\/\/brotochiado.pt\/menu\/\",\"url\":\"https:\/\/brotochiado.pt\/menu\/\",\"name\":\"Menu &#8226; Broto\",\"isPartOf\":{\"@id\":\"https:\/\/brotochiado.pt\/#website\"},\"datePublished\":\"2025-09-18T15:20:17+00:00\",\"dateModified\":\"2026-04-28T11:02:05+00:00\",\"breadcrumb\":{\"@id\":\"https:\/\/brotochiado.pt\/menu\/#breadcrumb\"},\"inLanguage\":\"en-US\",\"potentialAction\":[{\"@type\":\"ReadAction\",\"target\":[\"https:\/\/brotochiado.pt\/menu\/\"]}]},{\"@type\":\"BreadcrumbList\",\"@id\":\"https:\/\/brotochiado.pt\/menu\/#breadcrumb\",\"itemListElement\":[{\"@type\":\"ListItem\",\"position\":1,\"name\":\"In\u00edcio\",\"item\":\"https:\/\/brotochiado.pt\/\"},{\"@type\":\"ListItem\",\"position\":2,\"name\":\"Menu\"}]},{\"@type\":\"WebSite\",\"@id\":\"https:\/\/brotochiado.pt\/#website\",\"url\":\"https:\/\/brotochiado.pt\/\",\"name\":\"Broto\",\"description\":\"\",\"publisher\":{\"@id\":\"https:\/\/brotochiado.pt\/#organization\"},\"potentialAction\":[{\"@type\":\"SearchAction\",\"target\":{\"@type\":\"EntryPoint\",\"urlTemplate\":\"https:\/\/brotochiado.pt\/?s={search_term_string}\"},\"query-input\":{\"@type\":\"PropertyValueSpecification\",\"valueRequired\":true,\"valueName\":\"search_term_string\"}}],\"inLanguage\":\"en-US\"},{\"@type\":\"Organization\",\"@id\":\"https:\/\/brotochiado.pt\/#organization\",\"name\":\"Broto\",\"url\":\"https:\/\/brotochiado.pt\/\",\"logo\":{\"@type\":\"ImageObject\",\"inLanguage\":\"en-US\",\"@id\":\"https:\/\/brotochiado.pt\/#\/schema\/logo\/image\/\",\"url\":\"https:\/\/brotochiado.pt\/wp-content\/uploads\/2025\/09\/logo_Broto.png\",\"contentUrl\":\"https:\/\/brotochiado.pt\/wp-content\/uploads\/2025\/09\/logo_Broto.png\",\"width\":570,\"height\":570,\"caption\":\"Broto\"},\"image\":{\"@id\":\"https:\/\/brotochiado.pt\/#\/schema\/logo\/image\/\"}}]}<\/script>\n<!-- \/ Yoast SEO plugin. -->","yoast_head_json":{"title":"Menu &#8226; Broto","robots":{"index":"index","follow":"follow","max-snippet":"max-snippet:-1","max-image-preview":"max-image-preview:large","max-video-preview":"max-video-preview:-1"},"canonical":"https:\/\/brotochiado.pt\/en\/menu\/","og_locale":"en_US","og_type":"article","og_title":"Menu &#8226; Broto","og_url":"https:\/\/brotochiado.pt\/en\/menu\/","og_site_name":"Broto","article_modified_time":"2026-04-28T11:02:05+00:00","twitter_card":"summary_large_image","twitter_misc":{"Est. reading time":"2 minutes"},"schema":{"@context":"https:\/\/schema.org","@graph":[{"@type":"WebPage","@id":"https:\/\/brotochiado.pt\/menu\/","url":"https:\/\/brotochiado.pt\/menu\/","name":"Menu &#8226; Broto","isPartOf":{"@id":"https:\/\/brotochiado.pt\/#website"},"datePublished":"2025-09-18T15:20:17+00:00","dateModified":"2026-04-28T11:02:05+00:00","breadcrumb":{"@id":"https:\/\/brotochiado.pt\/menu\/#breadcrumb"},"inLanguage":"en-US","potentialAction":[{"@type":"ReadAction","target":["https:\/\/brotochiado.pt\/menu\/"]}]},{"@type":"BreadcrumbList","@id":"https:\/\/brotochiado.pt\/menu\/#breadcrumb","itemListElement":[{"@type":"ListItem","position":1,"name":"In\u00edcio","item":"https:\/\/brotochiado.pt\/"},{"@type":"ListItem","position":2,"name":"Menu"}]},{"@type":"WebSite","@id":"https:\/\/brotochiado.pt\/#website","url":"https:\/\/brotochiado.pt\/","name":"Broto","description":"","publisher":{"@id":"https:\/\/brotochiado.pt\/#organization"},"potentialAction":[{"@type":"SearchAction","target":{"@type":"EntryPoint","urlTemplate":"https:\/\/brotochiado.pt\/?s={search_term_string}"},"query-input":{"@type":"PropertyValueSpecification","valueRequired":true,"valueName":"search_term_string"}}],"inLanguage":"en-US"},{"@type":"Organization","@id":"https:\/\/brotochiado.pt\/#organization","name":"Broto","url":"https:\/\/brotochiado.pt\/","logo":{"@type":"ImageObject","inLanguage":"en-US","@id":"https:\/\/brotochiado.pt\/#\/schema\/logo\/image\/","url":"https:\/\/brotochiado.pt\/wp-content\/uploads\/2025\/09\/logo_Broto.png","contentUrl":"https:\/\/brotochiado.pt\/wp-content\/uploads\/2025\/09\/logo_Broto.png","width":570,"height":570,"caption":"Broto"},"image":{"@id":"https:\/\/brotochiado.pt\/#\/schema\/logo\/image\/"}}]}},"_links":{"self":[{"href":"https:\/\/brotochiado.pt\/en\/wp-json\/wp\/v2\/pages\/81","targetHints":{"allow":["GET"]}}],"collection":[{"href":"https:\/\/brotochiado.pt\/en\/wp-json\/wp\/v2\/pages"}],"about":[{"href":"https:\/\/brotochiado.pt\/en\/wp-json\/wp\/v2\/types\/page"}],"author":[{"embeddable":true,"href":"https:\/\/brotochiado.pt\/en\/wp-json\/wp\/v2\/users\/1"}],"replies":[{"embeddable":true,"href":"https:\/\/brotochiado.pt\/en\/wp-json\/wp\/v2\/comments?post=81"}],"version-history":[{"count":39,"href":"https:\/\/brotochiado.pt\/en\/wp-json\/wp\/v2\/pages\/81\/revisions"}],"predecessor-version":[{"id":463,"href":"https:\/\/brotochiado.pt\/en\/wp-json\/wp\/v2\/pages\/81\/revisions\/463"}],"wp:attachment":[{"href":"https:\/\/brotochiado.pt\/en\/wp-json\/wp\/v2\/media?parent=81"}],"curies":[{"name":"wp","href":"https:\/\/api.w.org\/{rel}","templated":true}]}}