{"id":75,"date":"2025-09-18T13:22:18","date_gmt":"2025-09-18T13:22:18","guid":{"rendered":"https:\/\/brotochiado.pt\/?page_id=75"},"modified":"2025-10-01T11:54:50","modified_gmt":"2025-10-01T11:54:50","slug":"contactos","status":"publish","type":"page","link":"https:\/\/brotochiado.pt\/en\/contactos\/","title":{"rendered":"Contacts"},"content":{"rendered":"<div id=\"fws_69f0c69b3e8c9\"  data-column-margin=\"default\" data-midnight=\"dark\" data-top-percent=\"6%\" data-bottom-percent=\"6%\"  class=\"wpb_row vc_row-fluid vc_row\"  style=\"padding-top: calc(100vw * 0.06); padding-bottom: calc(100vw * 0.06); \"><div class=\"row-bg-wrap\" data-bg-animation=\"none\" data-bg-animation-delay=\"\" data-bg-overlay=\"false\"><div class=\"inner-wrap row-bg-layer\" ><div class=\"row-bg viewport-desktop\"  style=\"\"><\/div><\/div><\/div><div class=\"row_col_wrap_12 col span_12 dark center\">\n\t<div  class=\"vc_col-sm-12 wpb_column column_container vc_column_container col no-extra-padding inherit_tablet padding-5-percent_phone\"  data-padding-pos=\"all\" data-has-bg-color=\"false\" data-bg-color=\"\" data-bg-opacity=\"1\" data-animation=\"\" data-delay=\"0\" >\n\t\t<div class=\"vc_column-inner\" >\n\t\t\t<div class=\"wpb_wrapper\">\n\t\t\t\t\n<div class=\"wpb_text_column wpb_content_element\" >\n\t<div class=\"wpb_wrapper\">\n\t\t<h4>Our location<\/h4>\n\t<\/div>\n<\/div>\n\n\n\n\n<div class=\"wpb_text_column wpb_content_element\" >\n\t<div class=\"wpb_wrapper\">\n\t\t<h2>Largo Rafael Bordalo Pinheiro 20A<br \/>\n1249-050 Lisbon<\/h2>\n\t<\/div>\n<\/div>\n\n\n\n\n<div class=\"wpb_text_column wpb_content_element\" >\n\t<div class=\"wpb_wrapper\">\n\t\t<p>Portuguese cuisine, in the heart of Chiado<\/p>\n\t<\/div>\n<\/div>\n\n\n\n<div class=\"divider-wrap\" data-alignment=\"default\"><div style=\"height: 25px;\" class=\"divider\"><\/div><\/div><div id=\"fws_69f0c69b3f487\" data-midnight=\"\" data-column-margin=\"default\" class=\"wpb_row vc_row-fluid vc_row inner_row\"  style=\"\"><div class=\"row-bg-wrap\"> <div class=\"row-bg\" ><\/div> <\/div><div class=\"row_col_wrap_12_inner col span_12  center\">\n\t<div  class=\"vc_col-sm-12 wpb_column column_container vc_column_container col child_column no-extra-padding inherit_tablet inherit_phone\"   data-padding-pos=\"all\" data-has-bg-color=\"false\" data-bg-color=\"\" data-bg-opacity=\"1\" data-animation=\"\" data-delay=\"0\" >\n\t\t<div class=\"vc_column-inner\" >\n\t\t<div class=\"wpb_wrapper\">\n\t\t\t\n\t<div class=\"wpb_raw_code wpb_raw_html wpb_content_element\" >\n\t\t<div class=\"wpb_wrapper\">\n\t\t\t <a class=\"linksReserva\" href=\"#zc-action-open\" data-zc-action=\"open\">make your reservation_<\/a>\n\t\t<\/div>\n\t<\/div>\n\n\t\t<\/div> \n\t<\/div>\n\t<\/div> \n<\/div><\/div>\n\t\t\t<\/div> \n\t\t<\/div>\n\t<\/div> \n<\/div><\/div>\n\t\t<div id=\"fws_69f0c69b3fdfd\"  data-column-margin=\"default\" data-midnight=\"light\"  class=\"wpb_row vc_row-fluid vc_row full-width-content vc_row-o-equal-height vc_row-flex vc_row-o-content-stretch\"  style=\"padding-top: 0px; padding-bottom: 0px; \"><div class=\"row-bg-wrap\" data-bg-animation=\"none\" data-bg-animation-delay=\"\" data-bg-overlay=\"false\"><div class=\"inner-wrap row-bg-layer\" ><div class=\"row-bg viewport-desktop\"  style=\"\"><\/div><\/div><\/div><div class=\"row_col_wrap_12 col span_12 light left\">\n\t<div  class=\"vc_col-sm-6 containerMap wpb_column column_container vc_column_container col no-extra-padding inherit_tablet inherit_phone\"  data-padding-pos=\"all\" data-has-bg-color=\"false\" data-bg-color=\"\" data-bg-opacity=\"1\" data-animation=\"\" data-delay=\"0\" >\n\t\t<div class=\"vc_column-inner\" >\n\t\t\t<div class=\"wpb_wrapper\">\n\t\t\t\t\n\t<div class=\"wpb_raw_code wpb_raw_html wpb_content_element\" >\n\t\t<div class=\"wpb_wrapper\">\n\t\t\t<iframe src=\"https:\/\/www.google.com\/maps\/embed?pb=!1m18!1m12!1m3!1d3113.2695272213314!2d-9.141958999999998!3d38.711620499999995!2m3!1f0!2f0!3f0!3m2!1i1024!2i768!4f13.1!3m3!1m2!1s0xd1935af54365a2f%3A0x68f8f5c96a380064!2sBroto!5e0!3m2!1spt-BR!2sus!4v1758735447375!5m2!1spt-BR!2sus\" width=\"1000\" height=\"700\" style=\"border:0;\" allowfullscreen=\"\" loading=\"lazy\" referrerpolicy=\"no-referrer-when-downgrade\" class=\"mapContactos\"><\/iframe>\n\t\t<\/div>\n\t<\/div>\n\n\t\t\t<\/div> \n\t\t<\/div>\n\t<\/div> \n\n\t<div style=\"\" class=\"vc_col-sm-6 wpb_column column_container vc_column_container col left_padding_desktop_70px left_padding_phone_50px top_padding_desktop_60px top_padding_phone_50px right_padding_desktop_70px right_padding_phone_50px bottom_padding_desktop_20px bottom_padding_phone_50px\" data-using-bg=\"true\" data-padding-pos=\"all\" data-has-bg-color=\"true\" data-bg-color=\"#444444\" data-bg-opacity=\"1\" data-animation=\"\" data-delay=\"0\" >\n\t\t<div class=\"vc_column-inner\" ><div class=\"column-bg-overlay-wrap column-bg-layer\" data-bg-animation=\"none\"><div class=\"column-bg-overlay\" style=\"opacity: 1; background-color: #444444;\"><\/div><\/div>\n\t\t\t<div class=\"wpb_wrapper\">\n\t\t\t\t\n<div class=\"wpb_text_column wpb_content_element\" >\n\t<div class=\"wpb_wrapper\">\n\t\t<h3>Send us a message<\/h3>\n\t<\/div>\n<\/div>\n\n\n\n\n<div class=\"wpb_text_column wpb_content_element\" >\n\t<div class=\"wpb_wrapper\">\n\t\t<p>For information requests or other questions, please use the form below. We will respond as soon as possible.<\/p>\n\t<\/div>\n<\/div>\n\n\n\n\n<div class=\"wpb_text_column wpb_content_element\" >\n\t<div class=\"wpb_wrapper\">\n\t\t<div class=\"forminator-ui forminator-custom-form forminator-custom-form-173 forminator-design--flat  forminator_ajax\" data-forminator-render=\"0\" data-form=\"forminator-module-173\" data-uid=\"69f0c69b404ce\"><br\/><\/div><form\n\t\t\t\tid=\"forminator-module-173\"\n\t\t\t\tclass=\"forminator-ui forminator-custom-form forminator-custom-form-173 forminator-design--flat  forminator_ajax\"\n\t\t\t\tmethod=\"post\"\n\t\t\t\tdata-forminator-render=\"0\"\n\t\t\t\tdata-form-id=\"173\"\n\t\t\t\t\n\t\t\t\tdata-design=\"flat\"\n\t\t\t\tdata-color-option=\"theme\"\n\t\t\t\t\n\t\t\t\t\n\t\t\t\t\n\t\t\t\tdata-grid=\"open\"\n\t\t\t\t\n\t\t\t\t\n\t\t\t\tstyle=\"display: none;\"\n\t\t\t\t\n\t\t\t\tdata-uid=\"69f0c69b404ce\" action=\"\"\n\t\t\t><div role=\"alert\" aria-live=\"polite\" class=\"forminator-response-message forminator-error\" aria-hidden=\"true\"><\/div><div class=\"forminator-row\"><div id=\"name-1\" class=\"forminator-field-name forminator-col forminator-col-12\"><div class=\"forminator-field\"><input type=\"text\" name=\"name-1\" value=\"\" placeholder=\"Name\" id=\"forminator-field-name-1_69f0c69b404ce\" class=\"forminator-input forminator-name--field\" aria-required=\"true\" \/><\/div><\/div><\/div><div class=\"forminator-row\"><div id=\"phone-1\" class=\"forminator-field-phone forminator-col forminator-col-6\"><div class=\"forminator-field\"><input type=\"text\" name=\"phone-1\" value=\"\" placeholder=\"Telephone\" id=\"forminator-field-phone-1_69f0c69b404ce\" class=\"forminator-input forminator-field--phone\" data-required=\"\" aria-required=\"false\" autocomplete=\"off\" \/><\/div><\/div><div id=\"email-1\" class=\"forminator-field-email forminator-col forminator-col-6\"><div class=\"forminator-field\"><input type=\"email\" name=\"email-1\" value=\"\" placeholder=\"Email\" id=\"forminator-field-email-1_69f0c69b404ce\" class=\"forminator-input forminator-email--field\" data-required=\"true\" aria-required=\"true\" \/><\/div><\/div><\/div><div class=\"forminator-row\"><div id=\"textarea-1\" class=\"forminator-field-textarea forminator-col forminator-col-12\"><div class=\"forminator-field\"><span id=\"forminator-field-textarea-1_69f0c69b404ce-description\" class=\"forminator-description\"><span data-limit=\"180\" data-type=\"characters\" data-editor=\"\">0 \/ 180<\/span><\/span><textarea name=\"textarea-1\" placeholder=\"Message\" id=\"forminator-field-textarea-1_69f0c69b404ce\" class=\"forminator-textarea\" rows=\"6\" style=\"min-height:140px;\" maxlength=\"180\" ><\/textarea><\/div><\/div><\/div><div class=\"forminator-row\"><div id=\"consent-1\" class=\"forminator-field-consent forminator-col forminator-col-12\"><div class=\"forminator-field\"><div class=\"forminator-checkbox__wrapper\"><label id=\"forminator-field-consent-1_69f0c69b404ce__label\" class=\"forminator-checkbox forminator-consent\" aria-labelledby=\"forminator-field-consent-1_69f0c69b404ce-label\" aria-hidden=\"true\"><input type=\"checkbox\" name=\"consent-1\" id=\"forminator-field-consent-1_69f0c69b404ce\" value=\"checked\" aria-labelledby=\"forminator-field-consent-1_69f0c69b404ce-label\" aria-describedby=\"forminator-field-consent-1_69f0c69b404ce__description\" data-required=\"true\" aria-required=\"true\" \/><span class=\"forminator-checkbox-box\" aria-hidden=\"true\"><\/span><\/label><div id=\"forminator-field-consent-1_69f0c69b404ce__description\" class=\"forminator-checkbox__label forminator-consent__label\"><p>I acknowledge that my data will be processed by Broto in accordance with the provisions of the <a href=\"\/en\/politica-privacidade\/\">Privacy Policy<\/a>.<\/p><\/div><\/div><\/div><\/div><\/div><input type=\"hidden\" name=\"referer_url\" value=\"\" \/><div class=\"forminator-row forminator-row-last\"><div class=\"forminator-col\"><div class=\"forminator-field\"><button class=\"forminator-button forminator-button-submit\">submit_<\/button><\/div><\/div><\/div><input type=\"hidden\" id=\"forminator_nonce\" name=\"forminator_nonce\" value=\"e5f097df3f\" \/><input type=\"hidden\" name=\"_wp_http_referer\" value=\"\/en\/wp-json\/wp\/v2\/pages\/75\" \/><input type=\"hidden\" name=\"form_id\" value=\"173\"><input type=\"hidden\" name=\"page_id\" value=\"75\"><input type=\"hidden\" name=\"form_type\" value=\"default\"><input type=\"hidden\" name=\"current_url\" value=\"https:\/\/brotochiado.pt\/en\/contactos\/\"><input type=\"hidden\" name=\"render_id\" value=\"0\"><input type=\"hidden\" name=\"action\" value=\"forminator_submit_form_custom-forms\"><input type=\"hidden\" name=\"trp-form-language\" value=\"en\"\/><\/form>\n\t<\/div>\n<\/div>\n\n\n\n\n\t\t\t<\/div> \n\t\t<\/div>\n\t<\/div> \n<\/div><\/div>","protected":false},"excerpt":{"rendered":"A nossa localiza\u00e7\u00e3o Largo Rafael Bordalo Pinheiro 20A 1249-050 Lisboa Cozinha portuguesa livre, no cora\u00e7\u00e3o do Chiado fa\u00e7a a sua reserva_ Envie-nos uma mensagem Para pedidos de informa\u00e7\u00e3o ou outras...","protected":false},"author":1,"featured_media":0,"parent":0,"menu_order":0,"comment_status":"closed","ping_status":"closed","template":"","meta":{"inline_featured_image":false,"footnotes":""},"class_list":["post-75","page","type-page","status-publish"],"yoast_head":"<!-- This site is optimized with the Yoast SEO plugin v26.0 - https:\/\/yoast.com\/wordpress\/plugins\/seo\/ -->\n<title>Contactos &#8226; Broto<\/title>\n<meta name=\"description\" content=\"Cozinha portuguesa livre, no cora\u00e7\u00e3o do Chiado. A nossa Localiza\u00e7\u00e3o: Largo Rafael Bordalo Pinheiro 20A1249-050 Lisboa\" \/>\n<meta name=\"robots\" content=\"index, follow, max-snippet:-1, max-image-preview:large, max-video-preview:-1\" \/>\n<link rel=\"canonical\" href=\"https:\/\/brotochiado.pt\/en\/contactos\/\" \/>\n<meta property=\"og:locale\" content=\"en_US\" \/>\n<meta property=\"og:type\" content=\"article\" \/>\n<meta property=\"og:title\" content=\"Contactos &#8226; Broto\" \/>\n<meta property=\"og:description\" content=\"Cozinha portuguesa livre, no cora\u00e7\u00e3o do Chiado. A nossa Localiza\u00e7\u00e3o: Largo Rafael Bordalo Pinheiro 20A1249-050 Lisboa\" \/>\n<meta property=\"og:url\" content=\"https:\/\/brotochiado.pt\/en\/contactos\/\" \/>\n<meta property=\"og:site_name\" content=\"Broto\" \/>\n<meta property=\"article:modified_time\" content=\"2025-10-01T11:54:50+00:00\" \/>\n<meta name=\"twitter:card\" content=\"summary_large_image\" \/>\n<meta name=\"twitter:label1\" content=\"Est. reading time\" \/>\n\t<meta name=\"twitter:data1\" content=\"1 minute\" \/>\n<script type=\"application\/ld+json\" class=\"yoast-schema-graph\">{\"@context\":\"https:\/\/schema.org\",\"@graph\":[{\"@type\":\"WebPage\",\"@id\":\"https:\/\/brotochiado.pt\/contactos\/\",\"url\":\"https:\/\/brotochiado.pt\/contactos\/\",\"name\":\"Contactos &#8226; Broto\",\"isPartOf\":{\"@id\":\"https:\/\/brotochiado.pt\/#website\"},\"datePublished\":\"2025-09-18T13:22:18+00:00\",\"dateModified\":\"2025-10-01T11:54:50+00:00\",\"description\":\"Cozinha portuguesa livre, no cora\u00e7\u00e3o do Chiado. A nossa Localiza\u00e7\u00e3o: Largo Rafael Bordalo Pinheiro 20A1249-050 Lisboa\",\"breadcrumb\":{\"@id\":\"https:\/\/brotochiado.pt\/contactos\/#breadcrumb\"},\"inLanguage\":\"en-US\",\"potentialAction\":[{\"@type\":\"ReadAction\",\"target\":[\"https:\/\/brotochiado.pt\/contactos\/\"]}]},{\"@type\":\"BreadcrumbList\",\"@id\":\"https:\/\/brotochiado.pt\/contactos\/#breadcrumb\",\"itemListElement\":[{\"@type\":\"ListItem\",\"position\":1,\"name\":\"In\u00edcio\",\"item\":\"https:\/\/brotochiado.pt\/\"},{\"@type\":\"ListItem\",\"position\":2,\"name\":\"Contactos\"}]},{\"@type\":\"WebSite\",\"@id\":\"https:\/\/brotochiado.pt\/#website\",\"url\":\"https:\/\/brotochiado.pt\/\",\"name\":\"Broto\",\"description\":\"\",\"publisher\":{\"@id\":\"https:\/\/brotochiado.pt\/#organization\"},\"potentialAction\":[{\"@type\":\"SearchAction\",\"target\":{\"@type\":\"EntryPoint\",\"urlTemplate\":\"https:\/\/brotochiado.pt\/?s={search_term_string}\"},\"query-input\":{\"@type\":\"PropertyValueSpecification\",\"valueRequired\":true,\"valueName\":\"search_term_string\"}}],\"inLanguage\":\"en-US\"},{\"@type\":\"Organization\",\"@id\":\"https:\/\/brotochiado.pt\/#organization\",\"name\":\"Broto\",\"url\":\"https:\/\/brotochiado.pt\/\",\"logo\":{\"@type\":\"ImageObject\",\"inLanguage\":\"en-US\",\"@id\":\"https:\/\/brotochiado.pt\/#\/schema\/logo\/image\/\",\"url\":\"https:\/\/brotochiado.pt\/wp-content\/uploads\/2025\/09\/logo_Broto.png\",\"contentUrl\":\"https:\/\/brotochiado.pt\/wp-content\/uploads\/2025\/09\/logo_Broto.png\",\"width\":570,\"height\":570,\"caption\":\"Broto\"},\"image\":{\"@id\":\"https:\/\/brotochiado.pt\/#\/schema\/logo\/image\/\"}}]}<\/script>\n<!-- \/ Yoast SEO plugin. -->","yoast_head_json":{"title":"Contactos &#8226; Broto","description":"Cozinha portuguesa livre, no cora\u00e7\u00e3o do Chiado. A nossa Localiza\u00e7\u00e3o: Largo Rafael Bordalo Pinheiro 20A1249-050 Lisboa","robots":{"index":"index","follow":"follow","max-snippet":"max-snippet:-1","max-image-preview":"max-image-preview:large","max-video-preview":"max-video-preview:-1"},"canonical":"https:\/\/brotochiado.pt\/en\/contactos\/","og_locale":"en_US","og_type":"article","og_title":"Contactos &#8226; Broto","og_description":"Cozinha portuguesa livre, no cora\u00e7\u00e3o do Chiado. A nossa Localiza\u00e7\u00e3o: Largo Rafael Bordalo Pinheiro 20A1249-050 Lisboa","og_url":"https:\/\/brotochiado.pt\/en\/contactos\/","og_site_name":"Broto","article_modified_time":"2025-10-01T11:54:50+00:00","twitter_card":"summary_large_image","twitter_misc":{"Est. reading time":"1 minute"},"schema":{"@context":"https:\/\/schema.org","@graph":[{"@type":"WebPage","@id":"https:\/\/brotochiado.pt\/contactos\/","url":"https:\/\/brotochiado.pt\/contactos\/","name":"Contactos &#8226; Broto","isPartOf":{"@id":"https:\/\/brotochiado.pt\/#website"},"datePublished":"2025-09-18T13:22:18+00:00","dateModified":"2025-10-01T11:54:50+00:00","description":"Cozinha portuguesa livre, no cora\u00e7\u00e3o do Chiado. A nossa Localiza\u00e7\u00e3o: Largo Rafael Bordalo Pinheiro 20A1249-050 Lisboa","breadcrumb":{"@id":"https:\/\/brotochiado.pt\/contactos\/#breadcrumb"},"inLanguage":"en-US","potentialAction":[{"@type":"ReadAction","target":["https:\/\/brotochiado.pt\/contactos\/"]}]},{"@type":"BreadcrumbList","@id":"https:\/\/brotochiado.pt\/contactos\/#breadcrumb","itemListElement":[{"@type":"ListItem","position":1,"name":"In\u00edcio","item":"https:\/\/brotochiado.pt\/"},{"@type":"ListItem","position":2,"name":"Contactos"}]},{"@type":"WebSite","@id":"https:\/\/brotochiado.pt\/#website","url":"https:\/\/brotochiado.pt\/","name":"Broto","description":"","publisher":{"@id":"https:\/\/brotochiado.pt\/#organization"},"potentialAction":[{"@type":"SearchAction","target":{"@type":"EntryPoint","urlTemplate":"https:\/\/brotochiado.pt\/?s={search_term_string}"},"query-input":{"@type":"PropertyValueSpecification","valueRequired":true,"valueName":"search_term_string"}}],"inLanguage":"en-US"},{"@type":"Organization","@id":"https:\/\/brotochiado.pt\/#organization","name":"Broto","url":"https:\/\/brotochiado.pt\/","logo":{"@type":"ImageObject","inLanguage":"en-US","@id":"https:\/\/brotochiado.pt\/#\/schema\/logo\/image\/","url":"https:\/\/brotochiado.pt\/wp-content\/uploads\/2025\/09\/logo_Broto.png","contentUrl":"https:\/\/brotochiado.pt\/wp-content\/uploads\/2025\/09\/logo_Broto.png","width":570,"height":570,"caption":"Broto"},"image":{"@id":"https:\/\/brotochiado.pt\/#\/schema\/logo\/image\/"}}]}},"_links":{"self":[{"href":"https:\/\/brotochiado.pt\/en\/wp-json\/wp\/v2\/pages\/75","targetHints":{"allow":["GET"]}}],"collection":[{"href":"https:\/\/brotochiado.pt\/en\/wp-json\/wp\/v2\/pages"}],"about":[{"href":"https:\/\/brotochiado.pt\/en\/wp-json\/wp\/v2\/types\/page"}],"author":[{"embeddable":true,"href":"https:\/\/brotochiado.pt\/en\/wp-json\/wp\/v2\/users\/1"}],"replies":[{"embeddable":true,"href":"https:\/\/brotochiado.pt\/en\/wp-json\/wp\/v2\/comments?post=75"}],"version-history":[{"count":35,"href":"https:\/\/brotochiado.pt\/en\/wp-json\/wp\/v2\/pages\/75\/revisions"}],"predecessor-version":[{"id":353,"href":"https:\/\/brotochiado.pt\/en\/wp-json\/wp\/v2\/pages\/75\/revisions\/353"}],"wp:attachment":[{"href":"https:\/\/brotochiado.pt\/en\/wp-json\/wp\/v2\/media?parent=75"}],"curies":[{"name":"wp","href":"https:\/\/api.w.org\/{rel}","templated":true}]}}